{"id":25836,"date":"2025-02-13T22:42:33","date_gmt":"2025-02-13T21:42:33","guid":{"rendered":"https:\/\/www.marrakechtaxi.com\/sobre-nosotros\/"},"modified":"2025-04-10T15:30:37","modified_gmt":"2025-04-10T14:30:37","slug":"sobre-nosotros","status":"publish","type":"page","link":"https:\/\/www.marrakechtaxi.com\/es\/sobre-nosotros\/","title":{"rendered":"Acerca de"},"content":{"rendered":"\t\t<div data-elementor-type=\"wp-page\" data-elementor-id=\"25836\" class=\"elementor elementor-25836 elementor-24740\" data-elementor-post-type=\"page\">\n\t\t\t\t<div class=\"elementor-element elementor-element-6590dd1 e-flex e-con-boxed e-con e-parent\" data-id=\"6590dd1\" data-element_type=\"container\" data-e-type=\"container\">\n\t\t\t\t\t<div class=\"e-con-inner\">\n\t\t\t\t<div class=\"elementor-element elementor-element-53e3ae2 elementor-widget elementor-widget-heading\" data-id=\"53e3ae2\" data-element_type=\"widget\" data-e-type=\"widget\" data-widget_type=\"heading.default\">\n\t\t\t\t<div class=\"elementor-widget-container\">\n\t\t\t\t\t<h2 class=\"elementor-heading-title elementor-size-default\">Acerca de MarrakechTaxi.com: su servicio de traslados de confianza<\/h2>\t\t\t\t<\/div>\n\t\t\t\t<\/div>\n\t\t\t\t<div class=\"elementor-element elementor-element-2faa3ad elementor-widget elementor-widget-heading\" data-id=\"2faa3ad\" data-element_type=\"widget\" data-e-type=\"widget\" data-widget_type=\"heading.default\">\n\t\t\t\t<div class=\"elementor-widget-container\">\n\t\t\t\t\t<h2 class=\"elementor-heading-title elementor-size-default\">Quienes somos\n<\/h2>\t\t\t\t<\/div>\n\t\t\t\t<\/div>\n\t\t\t\t<div class=\"elementor-element elementor-element-c82f7f7 elementor-widget elementor-widget-text-editor\" data-id=\"c82f7f7\" data-element_type=\"widget\" data-e-type=\"widget\" data-widget_type=\"text-editor.default\">\n\t\t\t\t<div class=\"elementor-widget-container\">\n\t\t\t\t\t\t\t\t\t<p>La empresa Marrakech Go Adventures opera:<\/p><ul><li>Marrakechgo.com<\/li><li>Marrakechtaxi.com<\/li><li>MoroccoAirportTaxi.com<\/li><\/ul><p>MarrakechTaxi.com es un servicio de traslado privado l\u00edder en Marrakech, dedicado a proporcionar transporte seguro, confiable y c\u00f3modo para turistas, viajeros de negocios y locales. Ya sea que necesite un traslado al aeropuerto, un taxi urbano o un viaje interurbano, garantizamos una experiencia perfecta con conductores profesionales y veh\u00edculos modernos. <\/p>\t\t\t\t\t\t\t\t<\/div>\n\t\t\t\t<\/div>\n\t\t\t\t<div class=\"elementor-element elementor-element-d5e8228 elementor-widget elementor-widget-heading\" data-id=\"d5e8228\" data-element_type=\"widget\" data-e-type=\"widget\" data-widget_type=\"heading.default\">\n\t\t\t\t<div class=\"elementor-widget-container\">\n\t\t\t\t\t<h2 class=\"elementor-heading-title elementor-size-default\">\u00bfPor qu\u00e9 elegirnos?\n<\/h2>\t\t\t\t<\/div>\n\t\t\t\t<\/div>\n\t\t\t\t<div class=\"elementor-element elementor-element-b4e62f2 elementor-widget elementor-widget-text-editor\" data-id=\"b4e62f2\" data-element_type=\"widget\" data-e-type=\"widget\" data-widget_type=\"text-editor.default\">\n\t\t\t\t<div class=\"elementor-widget-container\">\n\t\t\t\t\t\t\t\t\t<p>\u2705 Confiable y puntual: siempre a tiempo, lo que garantiza un viaje sin estr\u00e9s.<br>\u2705 Comodidad y seguridad \u2013 Veh\u00edculos limpios, bien mantenidos y con choferes profesionales.<br>\u2705 Precios fijos: sin tarifas ocultas, precios transparentes en MAD, EUR o USD.<br>\u2705 Soporte 24\/7: Nuestro equipo est\u00e1 disponible d\u00eda y noche para ayudarlo.<br>\u2705 Reserva flexible: reservas online f\u00e1ciles con opciones de pago seguras.<\/p>\t\t\t\t\t\t\t\t<\/div>\n\t\t\t\t<\/div>\n\t\t\t\t<div class=\"elementor-element elementor-element-e02824b elementor-widget elementor-widget-heading\" data-id=\"e02824b\" data-element_type=\"widget\" data-e-type=\"widget\" data-widget_type=\"heading.default\">\n\t\t\t\t<div class=\"elementor-widget-container\">\n\t\t\t\t\t<h2 class=\"elementor-heading-title elementor-size-default\">Nuestros servicios<\/h2>\t\t\t\t<\/div>\n\t\t\t\t<\/div>\n\t\t\t\t<div class=\"elementor-element elementor-element-012599f elementor-widget elementor-widget-text-editor\" data-id=\"012599f\" data-element_type=\"widget\" data-e-type=\"widget\" data-widget_type=\"text-editor.default\">\n\t\t\t\t<div class=\"elementor-widget-container\">\n\t\t\t\t\t\t\t\t\t<p>\ud83d\ude96 Traslados al aeropuerto de Marrakech: viajes sin complicaciones desde el aeropuerto hasta su hotel.<br>\ud83d\ude96 Traslados interurbanos: viajes a Casablanca, Essaouira, Agadir, Fez y m\u00e1s.<br>\ud83d\ude96 Traslados de golf: c\u00f3modos viajes a los mejores campos de golf de Marrakech.<br>\ud83d\ude96 Servicios de chofer privado: veh\u00edculos de lujo para viajes de negocios o personales.<br>\ud83d\ude96 Excursiones y viajes de un d\u00eda: explore Marruecos con nuestros conductores de confianza.<\/p>\t\t\t\t\t\t\t\t<\/div>\n\t\t\t\t<\/div>\n\t\t\t\t<div class=\"elementor-element elementor-element-ea79148 elementor-widget elementor-widget-heading\" data-id=\"ea79148\" data-element_type=\"widget\" data-e-type=\"widget\" data-widget_type=\"heading.default\">\n\t\t\t\t<div class=\"elementor-widget-container\">\n\t\t\t\t\t<h2 class=\"elementor-heading-title elementor-size-default\">Nuestra misi\u00f3n\n<\/h2>\t\t\t\t<\/div>\n\t\t\t\t<\/div>\n\t\t\t\t<div class=\"elementor-element elementor-element-20e4dd0 elementor-widget elementor-widget-text-editor\" data-id=\"20e4dd0\" data-element_type=\"widget\" data-e-type=\"widget\" data-widget_type=\"text-editor.default\">\n\t\t\t\t<div class=\"elementor-widget-container\">\n\t\t\t\t\t\t\t\t\tEn MarrakechTaxi.com, nuestro objetivo es ofrecer la mejor experiencia de taxi en Marrakech combinando comodidad, eficiencia y asequibilidad. Ya sea que est\u00e9 aqu\u00ed por turismo o por negocios, le garantizamos un viaje sin estr\u00e9s adaptado a sus necesidades. \n\n\t\t\t\t\t\t\t\t<\/div>\n\t\t\t\t<\/div>\n\t\t\t\t<div class=\"elementor-element elementor-element-463c874 elementor-widget elementor-widget-heading\" data-id=\"463c874\" data-element_type=\"widget\" data-e-type=\"widget\" data-widget_type=\"heading.default\">\n\t\t\t\t<div class=\"elementor-widget-container\">\n\t\t\t\t\t<h2 class=\"elementor-heading-title elementor-size-default\">\u00a1Reserva tu viaje hoy!<\/h2>\t\t\t\t<\/div>\n\t\t\t\t<\/div>\n\t\t\t\t<div class=\"elementor-element elementor-element-cd4f891 elementor-widget elementor-widget-text-editor\" data-id=\"cd4f891\" data-element_type=\"widget\" data-e-type=\"widget\" data-widget_type=\"text-editor.default\">\n\t\t\t\t<div class=\"elementor-widget-container\">\n\t\t\t\t\t\t\t\t\t\u00bfEst\u00e1s planeando tu viaje? \u00a1Reserve ahora su taxi en Marrakech online y disfrute de un viaje tranquilo con MarrakechTaxi.com! \n\t\t\t\t\t\t\t\t<\/div>\n\t\t\t\t<\/div>\n\t\t\t\t<div class=\"elementor-element elementor-element-12b5240 elementor-align-center elementor-widget elementor-widget-button\" data-id=\"12b5240\" data-element_type=\"widget\" data-e-type=\"widget\" data-settings=\"{&quot;sticky&quot;:&quot;bottom&quot;,&quot;sticky_on&quot;:[&quot;desktop&quot;,&quot;tablet&quot;,&quot;mobile&quot;],&quot;sticky_offset&quot;:0,&quot;sticky_effects_offset&quot;:0,&quot;sticky_anchor_link_offset&quot;:0}\" data-widget_type=\"button.default\">\n\t\t\t\t<div class=\"elementor-widget-container\">\n\t\t\t\t\t\t\t\t\t<div class=\"elementor-button-wrapper\">\n\t\t\t\t\t<a class=\"elementor-button elementor-button-link elementor-size-sm\" href=\"https:\/\/www.marrakechtaxi.com\/es\/reservar-taxi-marrakech\/\">\n\t\t\t\t\t\t<span class=\"elementor-button-content-wrapper\">\n\t\t\t\t\t\t\t\t\t<span class=\"elementor-button-text\">\u00a1RESERVA TU TAXI AHORA!<\/span>\n\t\t\t\t\t<\/span>\n\t\t\t\t\t<\/a>\n\t\t\t\t<\/div>\n\t\t\t\t\t\t\t\t<\/div>\n\t\t\t\t<\/div>\n\t\t\t\t\t<\/div>\n\t\t\t\t<\/div>\n\t\t\t\t<\/div>\n\t\t","protected":false},"excerpt":{"rendered":"<p>Acerca de MarrakechTaxi.com: su servicio de traslados de confianza Quienes somos La empresa Marrakech Go Adventures opera: Marrakechgo.com Marrakechtaxi.com MoroccoAirportTaxi.com MarrakechTaxi.com es un servicio de traslado privado l\u00edder en Marrakech, dedicado a proporcionar transporte seguro, confiable y c\u00f3modo para turistas, viajeros de negocios y locales. Ya sea que necesite un traslado al aeropuerto, un taxi [&hellip;]<\/p>\n","protected":false},"author":1,"featured_media":0,"parent":0,"menu_order":0,"comment_status":"closed","ping_status":"closed","template":"elementor_header_footer","meta":{"inline_featured_image":false,"_monsterinsights_skip_tracking":false,"_monsterinsights_sitenote_active":false,"_monsterinsights_sitenote_note":"","_monsterinsights_sitenote_category":0,"footnotes":""},"class_list":["post-25836","page","type-page","status-publish","hentry"],"_links":{"self":[{"href":"https:\/\/www.marrakechtaxi.com\/es\/wp-json\/wp\/v2\/pages\/25836","targetHints":{"allow":["GET"]}}],"collection":[{"href":"https:\/\/www.marrakechtaxi.com\/es\/wp-json\/wp\/v2\/pages"}],"about":[{"href":"https:\/\/www.marrakechtaxi.com\/es\/wp-json\/wp\/v2\/types\/page"}],"author":[{"embeddable":true,"href":"https:\/\/www.marrakechtaxi.com\/es\/wp-json\/wp\/v2\/users\/1"}],"replies":[{"embeddable":true,"href":"https:\/\/www.marrakechtaxi.com\/es\/wp-json\/wp\/v2\/comments?post=25836"}],"version-history":[{"count":0,"href":"https:\/\/www.marrakechtaxi.com\/es\/wp-json\/wp\/v2\/pages\/25836\/revisions"}],"wp:attachment":[{"href":"https:\/\/www.marrakechtaxi.com\/es\/wp-json\/wp\/v2\/media?parent=25836"}],"curies":[{"name":"wp","href":"https:\/\/api.w.org\/{rel}","templated":true}]}}